{"id":19,"date":"2025-07-09T22:39:33","date_gmt":"2025-07-09T22:39:33","guid":{"rendered":"https:\/\/rtcauto.pt\/?page_id=19"},"modified":"2025-07-09T23:10:42","modified_gmt":"2025-07-09T23:10:42","slug":"home","status":"publish","type":"page","link":"https:\/\/rtcauto.pt\/","title":{"rendered":"Home"},"content":{"rendered":"\t\t<div data-elementor-type=\"wp-page\" data-elementor-id=\"19\" class=\"elementor elementor-19\">\n\t\t\t\t<div class=\"elementor-element elementor-element-553f608b e-con-full e-flex wpr-particle-no wpr-jarallax-no wpr-parallax-no wpr-sticky-section-no e-con e-parent\" data-id=\"553f608b\" data-element_type=\"container\">\n\t\t\t\t<div class=\"elementor-element elementor-element-59b02e55 elementor-widget elementor-widget-flex-hero\" data-id=\"59b02e55\" data-element_type=\"widget\" data-settings=\"{&quot;primary_button_shape&quot;:&quot;round&quot;,&quot;image_shape&quot;:&quot;custom&quot;,&quot;layout_column_structure&quot;:&quot;25-75&quot;,&quot;layout_preset&quot;:&quot;showcase&quot;,&quot;layout_image_position&quot;:&quot;end&quot;,&quot;box_shape&quot;:&quot;sharp&quot;}\" data-widget_type=\"flex-hero.default\">\n\t\t\t\t<div class=\"elementor-widget-container\">\n\t\t\t\t\t\t\t<div class=\"has-shape-sharp shape-type-box has-column-structure-25-75  ehp-flex-hero has-layout-preset-showcase has-image-position-end\">\n\t\t\t\t\t\t<div class=\"ehp-flex-hero__overlay\"><\/div>\n\t\t\t<div class=\"ehp-flex-hero__content-container\">\n\t\t\t\t<p class=\"ehp-flex-hero__intro\"><font color=\"#e2e2e5\" face=\"Google Sans Text, Helvetica Neue, sans-serif\"><span style=\"font-size: 14px\">Ideal para o Seu Neg\u00f3cio<\/span><\/font><\/p><p class=\"ehp-flex-hero__heading\">Seja uma oficina independente ou uma rede de centros de repara\u00e7\u00e3o, o RTCAuto adapta-se \u00e0s suas necessidades, oferecendo uma solu\u00e7\u00e3o escal\u00e1vel e segura para a gest\u00e3o de fornecedores, clientes, frotas e equipas.\n<\/p><p class=\"ehp-flex-hero__subheading\"><div><font color=\"#e2e2e5\" face=\"Google Sans Text, Helvetica Neue, sans-serif\"><span style=\"font-size: 14px\">Est\u00e1 pronto para transformar a gest\u00e3o da sua oficina?<\/span><\/font><\/div><div><br><\/div>\n<\/p>\t\t\t<div class=\"ehp-flex-hero__ctas-container\">\n\t\t\t\t\t\t<a class=\"has-shape-round shape-type-button ehp-button ehp-button--primary ehp-flex-hero__button ehp-flex-hero__button--primary is-type-button\" href=\"https:\/\/rtcauto.pt\/app\">\n\t\t\t<svg aria-hidden=\"true\" class=\"ehp-button__icon e-font-icon-svg e-fas-arrow-down\" 0=\"ehp-flex-hero__button-icon\" viewBox=\"0 0 448 512\" xmlns=\"http:\/\/www.w3.org\/2000\/svg\"><path d=\"M413.1 222.5l22.2 22.2c9.4 9.4 9.4 24.6 0 33.9L241 473c-9.4 9.4-24.6 9.4-33.9 0L12.7 278.6c-9.4-9.4-9.4-24.6 0-33.9l22.2-22.2c9.5-9.5 25-9.3 34.3.4L184 343.4V56c0-13.3 10.7-24 24-24h32c13.3 0 24 10.7 24 24v287.4l114.8-120.5c9.3-9.8 24.8-10 34.3-.4z\"><\/path><\/svg>\t\t<span class=\"ehp-button__text ehp-flex-hero__button-text ehp-flex-hero__button-text--primary\">\n\t\t\tAcede J\u00e1\t\t\t\t<\/a>\n\t\t\t\t\t\t\t\t\t<\/div>\n\t\t\t\t\t<\/div>\n\t\t\t\t<div class=\"ehp-flex-hero__image-wrapper\">\n\t\t\t\t\t<div class=\"ehp-image ehp-flex-hero__image-container\">\n\t\t\t\t<img decoding=\"async\" class=\"ehp-image__img ehp-flex-hero__img has-shape-custom shape-type-image\" src=\"https:\/\/rtcauto.pt\/rtcutoIA.png\" title=\"\" alt=\"RTCAUTO-IA\" loading=\"lazy\" \/>\t\t\t<\/div>\n\t\t\t\t\t<\/div>\n\t\t\t\t<\/div>\n\t\t\t\t\t\t<\/div>\n\t\t\t\t<\/div>\n\t\t\t\t<\/div>\n\t\t\t\t<\/div>\n\t\t","protected":false},"excerpt":{"rendered":"<p>Ideal para o Seu Neg\u00f3cio Seja uma oficina independente ou uma rede de centros de repara\u00e7\u00e3o, o RTCAuto adapta-se \u00e0s suas necessidades, oferecendo uma solu\u00e7\u00e3o escal\u00e1vel e segura para a gest\u00e3o de fornecedores, clientes, frotas e equipas. Est\u00e1 pronto para transformar a gest\u00e3o da sua oficina? Acede J\u00e1<\/p>\n","protected":false},"author":1,"featured_media":0,"parent":0,"menu_order":0,"comment_status":"closed","ping_status":"closed","template":"elementor_header_footer","meta":{"footnotes":""},"class_list":["post-19","page","type-page","status-publish","hentry"],"_links":{"self":[{"href":"https:\/\/rtcauto.pt\/index.php?rest_route=\/wp\/v2\/pages\/19","targetHints":{"allow":["GET"]}}],"collection":[{"href":"https:\/\/rtcauto.pt\/index.php?rest_route=\/wp\/v2\/pages"}],"about":[{"href":"https:\/\/rtcauto.pt\/index.php?rest_route=\/wp\/v2\/types\/page"}],"author":[{"embeddable":true,"href":"https:\/\/rtcauto.pt\/index.php?rest_route=\/wp\/v2\/users\/1"}],"replies":[{"embeddable":true,"href":"https:\/\/rtcauto.pt\/index.php?rest_route=%2Fwp%2Fv2%2Fcomments&post=19"}],"version-history":[{"count":7,"href":"https:\/\/rtcauto.pt\/index.php?rest_route=\/wp\/v2\/pages\/19\/revisions"}],"predecessor-version":[{"id":144,"href":"https:\/\/rtcauto.pt\/index.php?rest_route=\/wp\/v2\/pages\/19\/revisions\/144"}],"wp:attachment":[{"href":"https:\/\/rtcauto.pt\/index.php?rest_route=%2Fwp%2Fv2%2Fmedia&parent=19"}],"curies":[{"name":"wp","href":"https:\/\/api.w.org\/{rel}","templated":true}]}}